{"id":10599,"date":"2026-03-24T17:26:26","date_gmt":"2026-03-24T16:26:26","guid":{"rendered":"https:\/\/pocas.pt\/product\/tongue-twister-branco-copy\/"},"modified":"2026-03-24T17:26:26","modified_gmt":"2026-03-24T16:26:26","slug":"tongue-twister-branco-copy","status":"publish","type":"product","link":"https:\/\/pocas.pt\/en\/product\/tongue-twister-branco-copy\/","title":{"rendered":"Tongue Twister White 2025 Copy"},"content":{"rendered":"<p>Atr\u00e1s deste r\u00f3tulo arrojado, com uma interpreta\u00e7\u00e3o visual de uma trava-l\u00ednguas original da l\u00edngua inglesa pela m\u00e3o do artista brit\u00e2nico Sam Moore, encontra\u2011se um vinho branco fresco e c\u00edtrico, que convidam a momentos memor\u00e1veis em boa companhia. Produzido a partir de castas tradicionais da Regi\u00e3o, com uvas provenientes de zonas altas e com microclima fresco do Baixo Corgo.<\/p>\n","protected":false},"excerpt":{"rendered":"<p>Atr\u00e1s deste r\u00f3tulo arrojado, com uma interpreta\u00e7\u00e3o visual de uma trava-l\u00ednguas original da l\u00edngua inglesa pela m\u00e3o do artista brit\u00e2nico Sam Moore, encontra\u2011se um vinho branco fresco e c\u00edtrico, que convidam a momentos memor\u00e1veis em boa companhia. Produzido a partir de castas tradicionais da Regi\u00e3o, com uvas provenientes de zonas altas e com microclima fresco&hellip; <a class=\"more-link\" href=\"https:\/\/pocas.pt\/en\/product\/tongue-twister-branco-copy\/\">Continue reading <span class=\"screen-reader-text\">Tongue Twister White 2025 Copy<\/span><\/a><\/p>\n","protected":false},"featured_media":10588,"template":"","meta":{"_acf_changed":false,"inline_featured_image":false,"_monsterinsights_skip_tracking":false,"_monsterinsights_sitenote_active":false,"_monsterinsights_sitenote_note":"","_monsterinsights_sitenote_category":0},"product_cat":[290],"product_tag":[],"class_list":{"0":"post-10599","1":"product","2":"type-product","3":"status-publish","4":"has-post-thumbnail","6":"product_cat-tongue-twister-2019","7":"vintage-385","8":"entry","10":"first","11":"instock","12":"shipping-taxable","13":"product-type-simple"},"acf":[],"yoast_head":"<!-- This site is optimized with the Yoast SEO plugin v24.0 - https:\/\/yoast.com\/wordpress\/plugins\/seo\/ -->\r\n<title>Tongue Twister White 2025 Copy - Po\u00e7as - Produtor Independente de Vinhos DOC Douro e do Porto<\/title>\r\n<meta name=\"robots\" content=\"index, follow, max-snippet:-1, max-image-preview:large, max-video-preview:-1\" \/>\r\n<link rel=\"canonical\" href=\"https:\/\/pocas.pt\/en\/product\/tongue-twister-branco-copy\/\" \/>\r\n<meta property=\"og:locale\" content=\"en_US\" \/>\r\n<meta property=\"og:type\" content=\"article\" \/>\r\n<meta property=\"og:title\" content=\"Tongue Twister White 2025 Copy - Po\u00e7as - Produtor Independente de Vinhos DOC Douro e do Porto\" \/>\r\n<meta property=\"og:description\" content=\"Atr\u00e1s deste r\u00f3tulo arrojado, com uma interpreta\u00e7\u00e3o visual de uma trava-l\u00ednguas original da l\u00edngua inglesa pela m\u00e3o do artista brit\u00e2nico Sam Moore, encontra\u2011se um vinho branco fresco e c\u00edtrico, que convidam a momentos memor\u00e1veis em boa companhia. Produzido a partir de castas tradicionais da Regi\u00e3o, com uvas provenientes de zonas altas e com microclima fresco&hellip; Continue reading Tongue Twister White 2025 Copy\" \/>\r\n<meta property=\"og:url\" content=\"https:\/\/pocas.pt\/en\/product\/tongue-twister-branco-copy\/\" \/>\r\n<meta property=\"og:site_name\" content=\"Po\u00e7as - Produtor Independente de Vinhos DOC Douro e do Porto\" \/>\r\n<meta property=\"article:publisher\" content=\"https:\/\/www.facebook.com\/Pocas.Wines\" \/>\r\n<meta name=\"twitter:card\" content=\"summary_large_image\" \/>\r\n<meta name=\"twitter:site\" content=\"@pocaswines\" \/>\r\n<script type=\"application\/ld+json\" class=\"yoast-schema-graph\">{\"@context\":\"https:\/\/schema.org\",\"@graph\":[{\"@type\":\"WebPage\",\"@id\":\"https:\/\/pocas.pt\/en\/product\/tongue-twister-branco-copy\/\",\"url\":\"https:\/\/pocas.pt\/en\/product\/tongue-twister-branco-copy\/\",\"name\":\"Tongue Twister White 2025 Copy - Po\u00e7as - Produtor Independente de Vinhos DOC Douro e do Porto\",\"isPartOf\":{\"@id\":\"https:\/\/pocas.pt\/#website\"},\"primaryImageOfPage\":{\"@id\":\"https:\/\/pocas.pt\/en\/product\/tongue-twister-branco-copy\/#primaryimage\"},\"image\":{\"@id\":\"https:\/\/pocas.pt\/en\/product\/tongue-twister-branco-copy\/#primaryimage\"},\"thumbnailUrl\":\"https:\/\/pocas.pt\/wp-content\/uploads\/2025\/04\/Tongue-Twister-Branco-2025.png\",\"datePublished\":\"2026-03-24T16:26:26+00:00\",\"dateModified\":\"2026-03-24T16:26:26+00:00\",\"breadcrumb\":{\"@id\":\"https:\/\/pocas.pt\/en\/product\/tongue-twister-branco-copy\/#breadcrumb\"},\"inLanguage\":\"en-US\",\"potentialAction\":[{\"@type\":\"ReadAction\",\"target\":[\"https:\/\/pocas.pt\/en\/product\/tongue-twister-branco-copy\/\"]}]},{\"@type\":\"ImageObject\",\"inLanguage\":\"en-US\",\"@id\":\"https:\/\/pocas.pt\/en\/product\/tongue-twister-branco-copy\/#primaryimage\",\"url\":\"https:\/\/pocas.pt\/wp-content\/uploads\/2025\/04\/Tongue-Twister-Branco-2025.png\",\"contentUrl\":\"https:\/\/pocas.pt\/wp-content\/uploads\/2025\/04\/Tongue-Twister-Branco-2025.png\",\"width\":1334,\"height\":2000},{\"@type\":\"BreadcrumbList\",\"@id\":\"https:\/\/pocas.pt\/en\/product\/tongue-twister-branco-copy\/#breadcrumb\",\"itemListElement\":[{\"@type\":\"ListItem\",\"position\":1,\"name\":\"In\u00edcio\",\"item\":\"https:\/\/pocas.pt\/en\/\"},{\"@type\":\"ListItem\",\"position\":2,\"name\":\"Tongue Twister White 2025 Copy\"}]},{\"@type\":\"WebSite\",\"@id\":\"https:\/\/pocas.pt\/#website\",\"url\":\"https:\/\/pocas.pt\/\",\"name\":\"Po\u00e7as - Produtor Independente de Vinhos DOC Douro e do Porto\",\"description\":\"\",\"publisher\":{\"@id\":\"https:\/\/pocas.pt\/#organization\"},\"potentialAction\":[{\"@type\":\"SearchAction\",\"target\":{\"@type\":\"EntryPoint\",\"urlTemplate\":\"https:\/\/pocas.pt\/?s={search_term_string}\"},\"query-input\":{\"@type\":\"PropertyValueSpecification\",\"valueRequired\":true,\"valueName\":\"search_term_string\"}}],\"inLanguage\":\"en-US\"},{\"@type\":\"Organization\",\"@id\":\"https:\/\/pocas.pt\/#organization\",\"name\":\"Po\u00e7as J\u00fanior\",\"url\":\"https:\/\/pocas.pt\/\",\"logo\":{\"@type\":\"ImageObject\",\"inLanguage\":\"en-US\",\"@id\":\"https:\/\/pocas.pt\/#\/schema\/logo\/image\/\",\"url\":\"https:\/\/pocas.pt\/wp-content\/uploads\/2021\/03\/logotipo-pocas-black.svg\",\"contentUrl\":\"https:\/\/pocas.pt\/wp-content\/uploads\/2021\/03\/logotipo-pocas-black.svg\",\"width\":612,\"height\":261,\"caption\":\"Po\u00e7as J\u00fanior\"},\"image\":{\"@id\":\"https:\/\/pocas.pt\/#\/schema\/logo\/image\/\"},\"sameAs\":[\"https:\/\/www.facebook.com\/Pocas.Wines\",\"https:\/\/x.com\/pocaswines\",\"https:\/\/www.instagram.com\/pocaswines\/\"]}]}<\/script>\r\n<!-- \/ Yoast SEO plugin. -->","yoast_head_json":{"title":"Tongue Twister White 2025 Copy - Po\u00e7as - Produtor Independente de Vinhos DOC Douro e do Porto","robots":{"index":"index","follow":"follow","max-snippet":"max-snippet:-1","max-image-preview":"max-image-preview:large","max-video-preview":"max-video-preview:-1"},"canonical":"https:\/\/pocas.pt\/en\/product\/tongue-twister-branco-copy\/","og_locale":"en_US","og_type":"article","og_title":"Tongue Twister White 2025 Copy - Po\u00e7as - Produtor Independente de Vinhos DOC Douro e do Porto","og_description":"Atr\u00e1s deste r\u00f3tulo arrojado, com uma interpreta\u00e7\u00e3o visual de uma trava-l\u00ednguas original da l\u00edngua inglesa pela m\u00e3o do artista brit\u00e2nico Sam Moore, encontra\u2011se um vinho branco fresco e c\u00edtrico, que convidam a momentos memor\u00e1veis em boa companhia. Produzido a partir de castas tradicionais da Regi\u00e3o, com uvas provenientes de zonas altas e com microclima fresco&hellip; Continue reading Tongue Twister White 2025 Copy","og_url":"https:\/\/pocas.pt\/en\/product\/tongue-twister-branco-copy\/","og_site_name":"Po\u00e7as - Produtor Independente de Vinhos DOC Douro e do Porto","article_publisher":"https:\/\/www.facebook.com\/Pocas.Wines","twitter_card":"summary_large_image","twitter_site":"@pocaswines","schema":{"@context":"https:\/\/schema.org","@graph":[{"@type":"WebPage","@id":"https:\/\/pocas.pt\/en\/product\/tongue-twister-branco-copy\/","url":"https:\/\/pocas.pt\/en\/product\/tongue-twister-branco-copy\/","name":"Tongue Twister White 2025 Copy - Po\u00e7as - Produtor Independente de Vinhos DOC Douro e do Porto","isPartOf":{"@id":"https:\/\/pocas.pt\/#website"},"primaryImageOfPage":{"@id":"https:\/\/pocas.pt\/en\/product\/tongue-twister-branco-copy\/#primaryimage"},"image":{"@id":"https:\/\/pocas.pt\/en\/product\/tongue-twister-branco-copy\/#primaryimage"},"thumbnailUrl":"https:\/\/pocas.pt\/wp-content\/uploads\/2025\/04\/Tongue-Twister-Branco-2025.png","datePublished":"2026-03-24T16:26:26+00:00","dateModified":"2026-03-24T16:26:26+00:00","breadcrumb":{"@id":"https:\/\/pocas.pt\/en\/product\/tongue-twister-branco-copy\/#breadcrumb"},"inLanguage":"en-US","potentialAction":[{"@type":"ReadAction","target":["https:\/\/pocas.pt\/en\/product\/tongue-twister-branco-copy\/"]}]},{"@type":"ImageObject","inLanguage":"en-US","@id":"https:\/\/pocas.pt\/en\/product\/tongue-twister-branco-copy\/#primaryimage","url":"https:\/\/pocas.pt\/wp-content\/uploads\/2025\/04\/Tongue-Twister-Branco-2025.png","contentUrl":"https:\/\/pocas.pt\/wp-content\/uploads\/2025\/04\/Tongue-Twister-Branco-2025.png","width":1334,"height":2000},{"@type":"BreadcrumbList","@id":"https:\/\/pocas.pt\/en\/product\/tongue-twister-branco-copy\/#breadcrumb","itemListElement":[{"@type":"ListItem","position":1,"name":"In\u00edcio","item":"https:\/\/pocas.pt\/en\/"},{"@type":"ListItem","position":2,"name":"Tongue Twister White 2025 Copy"}]},{"@type":"WebSite","@id":"https:\/\/pocas.pt\/#website","url":"https:\/\/pocas.pt\/","name":"Po\u00e7as - Produtor Independente de Vinhos DOC Douro e do Porto","description":"","publisher":{"@id":"https:\/\/pocas.pt\/#organization"},"potentialAction":[{"@type":"SearchAction","target":{"@type":"EntryPoint","urlTemplate":"https:\/\/pocas.pt\/?s={search_term_string}"},"query-input":{"@type":"PropertyValueSpecification","valueRequired":true,"valueName":"search_term_string"}}],"inLanguage":"en-US"},{"@type":"Organization","@id":"https:\/\/pocas.pt\/#organization","name":"Po\u00e7as J\u00fanior","url":"https:\/\/pocas.pt\/","logo":{"@type":"ImageObject","inLanguage":"en-US","@id":"https:\/\/pocas.pt\/#\/schema\/logo\/image\/","url":"https:\/\/pocas.pt\/wp-content\/uploads\/2021\/03\/logotipo-pocas-black.svg","contentUrl":"https:\/\/pocas.pt\/wp-content\/uploads\/2021\/03\/logotipo-pocas-black.svg","width":612,"height":261,"caption":"Po\u00e7as J\u00fanior"},"image":{"@id":"https:\/\/pocas.pt\/#\/schema\/logo\/image\/"},"sameAs":["https:\/\/www.facebook.com\/Pocas.Wines","https:\/\/x.com\/pocaswines","https:\/\/www.instagram.com\/pocaswines\/"]}]}},"_links":{"self":[{"href":"https:\/\/pocas.pt\/en\/wp-json\/wp\/v2\/product\/10599","targetHints":{"allow":["GET"]}}],"collection":[{"href":"https:\/\/pocas.pt\/en\/wp-json\/wp\/v2\/product"}],"about":[{"href":"https:\/\/pocas.pt\/en\/wp-json\/wp\/v2\/types\/product"}],"wp:featuredmedia":[{"embeddable":true,"href":"https:\/\/pocas.pt\/en\/wp-json\/wp\/v2\/media\/10588"}],"wp:attachment":[{"href":"https:\/\/pocas.pt\/en\/wp-json\/wp\/v2\/media?parent=10599"}],"wp:term":[{"taxonomy":"product_cat","embeddable":true,"href":"https:\/\/pocas.pt\/en\/wp-json\/wp\/v2\/product_cat?post=10599"},{"taxonomy":"product_tag","embeddable":true,"href":"https:\/\/pocas.pt\/en\/wp-json\/wp\/v2\/product_tag?post=10599"}],"curies":[{"name":"wp","href":"https:\/\/api.w.org\/{rel}","templated":true}]}}