{"id":1068,"date":"2021-02-09T19:01:29","date_gmt":"2021-02-09T19:01:29","guid":{"rendered":"https:\/\/pocas-wpe.adegga.net\/?post_type=product&#038;p=1068"},"modified":"2023-10-03T12:07:05","modified_gmt":"2023-10-03T11:07:05","slug":"pocas-1918-very-old-tawny-port","status":"publish","type":"product","link":"https:\/\/pocas.pt\/en\/product\/pocas-1918-very-old-tawny-port\/","title":{"rendered":"Po\u00e7as 1918 Very Old Tawny Port"},"content":{"rendered":"<p>Po\u00e7as 1918 is a Very Old Port Wine, specially bottled to celebrate the 100 years and to honour the region. It presents the fascinating complexity, texture e personality of very old Port Wines. Created from the careful selection of a lot of Port Wines stored for years at Quinta das Quartas, which is now 100 years old. A smooth wine, with a slightly creamy texture, due to its age, fresh and balanced.<\/p>\n","protected":false},"excerpt":{"rendered":"<p>Po\u00e7as 1918 is a Very Old Port Wine, specially bottled to celebrate the 100 years and to honour the region. Created from the careful selection of a lot of Port Wines stored for years at Quinta das Quartas, this wine presents the fascinating complexity, texture e personality of very old Port Wines.<\/p>\n","protected":false},"featured_media":6258,"template":"","meta":{"_acf_changed":false,"inline_featured_image":false,"_monsterinsights_skip_tracking":false,"_monsterinsights_sitenote_active":false,"_monsterinsights_sitenote_note":"","_monsterinsights_sitenote_category":0},"product_cat":[149],"product_tag":[],"class_list":{"0":"post-1068","1":"product","2":"type-product","3":"status-publish","4":"has-post-thumbnail","6":"product_cat-special-editions","7":"entry","9":"first","10":"instock","11":"shipping-taxable","12":"product-type-simple"},"acf":[],"yoast_head":"<!-- This site is optimized with the Yoast SEO plugin v24.0 - https:\/\/yoast.com\/wordpress\/plugins\/seo\/ -->\r\n<title>Po\u00e7as 1918 Very Old Tawny Port - Po\u00e7as - Produtor Independente de Vinhos DOC Douro e do Porto<\/title>\r\n<meta name=\"robots\" content=\"index, follow, max-snippet:-1, max-image-preview:large, max-video-preview:-1\" \/>\r\n<link rel=\"canonical\" href=\"https:\/\/pocas.pt\/en\/product\/pocas-1918-very-old-tawny-port\/\" \/>\r\n<meta property=\"og:locale\" content=\"en_US\" \/>\r\n<meta property=\"og:type\" content=\"article\" \/>\r\n<meta property=\"og:title\" content=\"Po\u00e7as 1918 Very Old Tawny Port - Po\u00e7as - Produtor Independente de Vinhos DOC Douro e do Porto\" \/>\r\n<meta property=\"og:description\" content=\"Po\u00e7as 1918 is a Very Old Port Wine, specially bottled to celebrate the 100 years and to honour the region. Created from the careful selection of a lot of Port Wines stored for years at Quinta das Quartas, this wine presents the fascinating complexity, texture e personality of very old Port Wines.\" \/>\r\n<meta property=\"og:url\" content=\"https:\/\/pocas.pt\/en\/product\/pocas-1918-very-old-tawny-port\/\" \/>\r\n<meta property=\"og:site_name\" content=\"Po\u00e7as - Produtor Independente de Vinhos DOC Douro e do Porto\" \/>\r\n<meta property=\"article:publisher\" content=\"https:\/\/www.facebook.com\/Pocas.Wines\" \/>\r\n<meta property=\"article:modified_time\" content=\"2023-10-03T11:07:05+00:00\" \/>\r\n<meta property=\"og:image\" content=\"https:\/\/pocas.pt\/wp-content\/uploads\/2023\/07\/Pocas-1918-FGS.webp\" \/>\r\n\t<meta property=\"og:image:width\" content=\"480\" \/>\r\n\t<meta property=\"og:image:height\" content=\"480\" \/>\r\n\t<meta property=\"og:image:type\" content=\"image\/webp\" \/>\r\n<meta name=\"twitter:card\" content=\"summary_large_image\" \/>\r\n<meta name=\"twitter:site\" content=\"@pocaswines\" \/>\r\n<meta name=\"twitter:label1\" content=\"Est. reading time\" \/>\n\t<meta name=\"twitter:data1\" content=\"1 minute\" \/>\r\n<script type=\"application\/ld+json\" class=\"yoast-schema-graph\">{\"@context\":\"https:\/\/schema.org\",\"@graph\":[{\"@type\":\"WebPage\",\"@id\":\"https:\/\/pocas.pt\/en\/product\/pocas-1918-very-old-tawny-port\/\",\"url\":\"https:\/\/pocas.pt\/en\/product\/pocas-1918-very-old-tawny-port\/\",\"name\":\"Po\u00e7as 1918 Very Old Tawny Port - Po\u00e7as - Produtor Independente de Vinhos DOC Douro e do Porto\",\"isPartOf\":{\"@id\":\"https:\/\/pocas.pt\/#website\"},\"primaryImageOfPage\":{\"@id\":\"https:\/\/pocas.pt\/en\/product\/pocas-1918-very-old-tawny-port\/#primaryimage\"},\"image\":{\"@id\":\"https:\/\/pocas.pt\/en\/product\/pocas-1918-very-old-tawny-port\/#primaryimage\"},\"thumbnailUrl\":\"https:\/\/pocas.pt\/wp-content\/uploads\/2023\/07\/Pocas-1918-FGS.webp\",\"datePublished\":\"2021-02-09T19:01:29+00:00\",\"dateModified\":\"2023-10-03T11:07:05+00:00\",\"breadcrumb\":{\"@id\":\"https:\/\/pocas.pt\/en\/product\/pocas-1918-very-old-tawny-port\/#breadcrumb\"},\"inLanguage\":\"en-US\",\"potentialAction\":[{\"@type\":\"ReadAction\",\"target\":[\"https:\/\/pocas.pt\/en\/product\/pocas-1918-very-old-tawny-port\/\"]}]},{\"@type\":\"ImageObject\",\"inLanguage\":\"en-US\",\"@id\":\"https:\/\/pocas.pt\/en\/product\/pocas-1918-very-old-tawny-port\/#primaryimage\",\"url\":\"https:\/\/pocas.pt\/wp-content\/uploads\/2023\/07\/Pocas-1918-FGS.webp\",\"contentUrl\":\"https:\/\/pocas.pt\/wp-content\/uploads\/2023\/07\/Pocas-1918-FGS.webp\",\"width\":480,\"height\":480},{\"@type\":\"BreadcrumbList\",\"@id\":\"https:\/\/pocas.pt\/en\/product\/pocas-1918-very-old-tawny-port\/#breadcrumb\",\"itemListElement\":[{\"@type\":\"ListItem\",\"position\":1,\"name\":\"In\u00edcio\",\"item\":\"https:\/\/pocas.pt\/en\/\"},{\"@type\":\"ListItem\",\"position\":2,\"name\":\"Po\u00e7as 1918 Very Old Tawny Port\"}]},{\"@type\":\"WebSite\",\"@id\":\"https:\/\/pocas.pt\/#website\",\"url\":\"https:\/\/pocas.pt\/\",\"name\":\"Po\u00e7as - Produtor Independente de Vinhos DOC Douro e do Porto\",\"description\":\"\",\"publisher\":{\"@id\":\"https:\/\/pocas.pt\/#organization\"},\"potentialAction\":[{\"@type\":\"SearchAction\",\"target\":{\"@type\":\"EntryPoint\",\"urlTemplate\":\"https:\/\/pocas.pt\/?s={search_term_string}\"},\"query-input\":{\"@type\":\"PropertyValueSpecification\",\"valueRequired\":true,\"valueName\":\"search_term_string\"}}],\"inLanguage\":\"en-US\"},{\"@type\":\"Organization\",\"@id\":\"https:\/\/pocas.pt\/#organization\",\"name\":\"Po\u00e7as J\u00fanior\",\"url\":\"https:\/\/pocas.pt\/\",\"logo\":{\"@type\":\"ImageObject\",\"inLanguage\":\"en-US\",\"@id\":\"https:\/\/pocas.pt\/#\/schema\/logo\/image\/\",\"url\":\"https:\/\/pocas.pt\/wp-content\/uploads\/2021\/03\/logotipo-pocas-black.svg\",\"contentUrl\":\"https:\/\/pocas.pt\/wp-content\/uploads\/2021\/03\/logotipo-pocas-black.svg\",\"width\":612,\"height\":261,\"caption\":\"Po\u00e7as J\u00fanior\"},\"image\":{\"@id\":\"https:\/\/pocas.pt\/#\/schema\/logo\/image\/\"},\"sameAs\":[\"https:\/\/www.facebook.com\/Pocas.Wines\",\"https:\/\/x.com\/pocaswines\",\"https:\/\/www.instagram.com\/pocaswines\/\"]}]}<\/script>\r\n<!-- \/ Yoast SEO plugin. -->","yoast_head_json":{"title":"Po\u00e7as 1918 Very Old Tawny Port - Po\u00e7as - Produtor Independente de Vinhos DOC Douro e do Porto","robots":{"index":"index","follow":"follow","max-snippet":"max-snippet:-1","max-image-preview":"max-image-preview:large","max-video-preview":"max-video-preview:-1"},"canonical":"https:\/\/pocas.pt\/en\/product\/pocas-1918-very-old-tawny-port\/","og_locale":"en_US","og_type":"article","og_title":"Po\u00e7as 1918 Very Old Tawny Port - Po\u00e7as - Produtor Independente de Vinhos DOC Douro e do Porto","og_description":"Po\u00e7as 1918 is a Very Old Port Wine, specially bottled to celebrate the 100 years and to honour the region. Created from the careful selection of a lot of Port Wines stored for years at Quinta das Quartas, this wine presents the fascinating complexity, texture e personality of very old Port Wines.","og_url":"https:\/\/pocas.pt\/en\/product\/pocas-1918-very-old-tawny-port\/","og_site_name":"Po\u00e7as - Produtor Independente de Vinhos DOC Douro e do Porto","article_publisher":"https:\/\/www.facebook.com\/Pocas.Wines","article_modified_time":"2023-10-03T11:07:05+00:00","og_image":[{"width":480,"height":480,"url":"https:\/\/pocas.pt\/wp-content\/uploads\/2023\/07\/Pocas-1918-FGS.webp","type":"image\/webp"}],"twitter_card":"summary_large_image","twitter_site":"@pocaswines","twitter_misc":{"Est. reading time":"1 minute"},"schema":{"@context":"https:\/\/schema.org","@graph":[{"@type":"WebPage","@id":"https:\/\/pocas.pt\/en\/product\/pocas-1918-very-old-tawny-port\/","url":"https:\/\/pocas.pt\/en\/product\/pocas-1918-very-old-tawny-port\/","name":"Po\u00e7as 1918 Very Old Tawny Port - Po\u00e7as - Produtor Independente de Vinhos DOC Douro e do Porto","isPartOf":{"@id":"https:\/\/pocas.pt\/#website"},"primaryImageOfPage":{"@id":"https:\/\/pocas.pt\/en\/product\/pocas-1918-very-old-tawny-port\/#primaryimage"},"image":{"@id":"https:\/\/pocas.pt\/en\/product\/pocas-1918-very-old-tawny-port\/#primaryimage"},"thumbnailUrl":"https:\/\/pocas.pt\/wp-content\/uploads\/2023\/07\/Pocas-1918-FGS.webp","datePublished":"2021-02-09T19:01:29+00:00","dateModified":"2023-10-03T11:07:05+00:00","breadcrumb":{"@id":"https:\/\/pocas.pt\/en\/product\/pocas-1918-very-old-tawny-port\/#breadcrumb"},"inLanguage":"en-US","potentialAction":[{"@type":"ReadAction","target":["https:\/\/pocas.pt\/en\/product\/pocas-1918-very-old-tawny-port\/"]}]},{"@type":"ImageObject","inLanguage":"en-US","@id":"https:\/\/pocas.pt\/en\/product\/pocas-1918-very-old-tawny-port\/#primaryimage","url":"https:\/\/pocas.pt\/wp-content\/uploads\/2023\/07\/Pocas-1918-FGS.webp","contentUrl":"https:\/\/pocas.pt\/wp-content\/uploads\/2023\/07\/Pocas-1918-FGS.webp","width":480,"height":480},{"@type":"BreadcrumbList","@id":"https:\/\/pocas.pt\/en\/product\/pocas-1918-very-old-tawny-port\/#breadcrumb","itemListElement":[{"@type":"ListItem","position":1,"name":"In\u00edcio","item":"https:\/\/pocas.pt\/en\/"},{"@type":"ListItem","position":2,"name":"Po\u00e7as 1918 Very Old Tawny Port"}]},{"@type":"WebSite","@id":"https:\/\/pocas.pt\/#website","url":"https:\/\/pocas.pt\/","name":"Po\u00e7as - Produtor Independente de Vinhos DOC Douro e do Porto","description":"","publisher":{"@id":"https:\/\/pocas.pt\/#organization"},"potentialAction":[{"@type":"SearchAction","target":{"@type":"EntryPoint","urlTemplate":"https:\/\/pocas.pt\/?s={search_term_string}"},"query-input":{"@type":"PropertyValueSpecification","valueRequired":true,"valueName":"search_term_string"}}],"inLanguage":"en-US"},{"@type":"Organization","@id":"https:\/\/pocas.pt\/#organization","name":"Po\u00e7as J\u00fanior","url":"https:\/\/pocas.pt\/","logo":{"@type":"ImageObject","inLanguage":"en-US","@id":"https:\/\/pocas.pt\/#\/schema\/logo\/image\/","url":"https:\/\/pocas.pt\/wp-content\/uploads\/2021\/03\/logotipo-pocas-black.svg","contentUrl":"https:\/\/pocas.pt\/wp-content\/uploads\/2021\/03\/logotipo-pocas-black.svg","width":612,"height":261,"caption":"Po\u00e7as J\u00fanior"},"image":{"@id":"https:\/\/pocas.pt\/#\/schema\/logo\/image\/"},"sameAs":["https:\/\/www.facebook.com\/Pocas.Wines","https:\/\/x.com\/pocaswines","https:\/\/www.instagram.com\/pocaswines\/"]}]}},"_links":{"self":[{"href":"https:\/\/pocas.pt\/en\/wp-json\/wp\/v2\/product\/1068","targetHints":{"allow":["GET"]}}],"collection":[{"href":"https:\/\/pocas.pt\/en\/wp-json\/wp\/v2\/product"}],"about":[{"href":"https:\/\/pocas.pt\/en\/wp-json\/wp\/v2\/types\/product"}],"wp:featuredmedia":[{"embeddable":true,"href":"https:\/\/pocas.pt\/en\/wp-json\/wp\/v2\/media\/6258"}],"wp:attachment":[{"href":"https:\/\/pocas.pt\/en\/wp-json\/wp\/v2\/media?parent=1068"}],"wp:term":[{"taxonomy":"product_cat","embeddable":true,"href":"https:\/\/pocas.pt\/en\/wp-json\/wp\/v2\/product_cat?post=1068"},{"taxonomy":"product_tag","embeddable":true,"href":"https:\/\/pocas.pt\/en\/wp-json\/wp\/v2\/product_tag?post=1068"}],"curies":[{"name":"wp","href":"https:\/\/api.w.org\/{rel}","templated":true}]}}