{"id":3207,"date":"2021-03-26T10:12:38","date_gmt":"2021-03-26T10:12:38","guid":{"rendered":"https:\/\/pocas-wpe.adegga.net\/?post_type=product&#038;p=3207"},"modified":"2023-09-15T15:55:12","modified_gmt":"2023-09-15T14:55:12","slug":"pocas-fora-da-serie-acrobata-2019","status":"publish","type":"product","link":"https:\/\/pocas.pt\/en\/product\/pocas-fora-da-serie-acrobata-2019\/","title":{"rendered":"Po\u00e7as Fora da S\u00e9rie Acrobata 2019"},"content":{"rendered":"<p>A white wine produced from the Portuguese grape varieties C\u00f3dega, Arinto and Rabigato. Long aged in old barrel under a thin \u201cflor\u201d layer, showing the perfect balance between the oxidative profile that results from the prolonged aging and the freshness from high-altitude vineyards<\/p>\n","protected":false},"excerpt":{"rendered":"<p>A white wine produced from the Portuguese grape varieties C\u00f3dega, Arinto and Rabigato. Long aged in old barrel under a thin \u201cflor\u201d layer, showing the perfect balance between the oxidative profile that results from the prolonged aging and the freshness from high-altitude vineyards<\/p>\n","protected":false},"featured_media":3204,"template":"","meta":{"_acf_changed":false,"inline_featured_image":false,"_monsterinsights_skip_tracking":false,"_monsterinsights_sitenote_active":false,"_monsterinsights_sitenote_note":"","_monsterinsights_sitenote_category":0},"product_cat":[210],"product_tag":[232,231,233],"class_list":{"0":"post-3207","1":"product","2":"type-product","3":"status-publish","4":"has-post-thumbnail","6":"product_cat-fora-da-serie-en","7":"product_tag-acrobata-en","8":"product_tag-fora-da-serie-en","9":"product_tag-fora-da-serie-en-2","10":"entry","12":"first","13":"instock","14":"shipping-taxable","15":"product-type-simple"},"acf":[],"yoast_head":"<!-- This site is optimized with the Yoast SEO plugin v24.0 - https:\/\/yoast.com\/wordpress\/plugins\/seo\/ -->\r\n<title>Po\u00e7as Fora da S\u00e9rie Acrobata 2019 - Po\u00e7as - Produtor Independente de Vinhos DOC Douro e do Porto<\/title>\r\n<meta name=\"robots\" content=\"index, follow, max-snippet:-1, max-image-preview:large, max-video-preview:-1\" \/>\r\n<link rel=\"canonical\" href=\"https:\/\/pocas.pt\/en\/product\/pocas-fora-da-serie-acrobata-2019\/\" \/>\r\n<meta property=\"og:locale\" content=\"en_US\" \/>\r\n<meta property=\"og:type\" content=\"article\" \/>\r\n<meta property=\"og:title\" content=\"Po\u00e7as Fora da S\u00e9rie Acrobata 2019 - Po\u00e7as - Produtor Independente de Vinhos DOC Douro e do Porto\" \/>\r\n<meta property=\"og:description\" content=\"A white wine produced from the Portuguese grape varieties C\u00f3dega, Arinto and Rabigato. Long aged in old barrel under a thin \u201cflor\u201d layer, showing the perfect balance between the oxidative profile that results from the prolonged aging and the freshness from high-altitude vineyards\" \/>\r\n<meta property=\"og:url\" content=\"https:\/\/pocas.pt\/en\/product\/pocas-fora-da-serie-acrobata-2019\/\" \/>\r\n<meta property=\"og:site_name\" content=\"Po\u00e7as - Produtor Independente de Vinhos DOC Douro e do Porto\" \/>\r\n<meta property=\"article:publisher\" content=\"https:\/\/www.facebook.com\/Pocas.Wines\" \/>\r\n<meta property=\"article:modified_time\" content=\"2023-09-15T14:55:12+00:00\" \/>\r\n<meta property=\"og:image\" content=\"https:\/\/pocas.pt\/wp-content\/uploads\/2021\/03\/FdS-Acrobata-2019-JFFU049415.png\" \/>\r\n\t<meta property=\"og:image:width\" content=\"1200\" \/>\r\n\t<meta property=\"og:image:height\" content=\"1200\" \/>\r\n\t<meta property=\"og:image:type\" content=\"image\/png\" \/>\r\n<meta name=\"twitter:card\" content=\"summary_large_image\" \/>\r\n<meta name=\"twitter:site\" content=\"@pocaswines\" \/>\r\n<meta name=\"twitter:label1\" content=\"Est. reading time\" \/>\n\t<meta name=\"twitter:data1\" content=\"1 minute\" \/>\r\n<script type=\"application\/ld+json\" class=\"yoast-schema-graph\">{\"@context\":\"https:\/\/schema.org\",\"@graph\":[{\"@type\":\"WebPage\",\"@id\":\"https:\/\/pocas.pt\/en\/product\/pocas-fora-da-serie-acrobata-2019\/\",\"url\":\"https:\/\/pocas.pt\/en\/product\/pocas-fora-da-serie-acrobata-2019\/\",\"name\":\"Po\u00e7as Fora da S\u00e9rie Acrobata 2019 - Po\u00e7as - Produtor Independente de Vinhos DOC Douro e do Porto\",\"isPartOf\":{\"@id\":\"https:\/\/pocas.pt\/#website\"},\"primaryImageOfPage\":{\"@id\":\"https:\/\/pocas.pt\/en\/product\/pocas-fora-da-serie-acrobata-2019\/#primaryimage\"},\"image\":{\"@id\":\"https:\/\/pocas.pt\/en\/product\/pocas-fora-da-serie-acrobata-2019\/#primaryimage\"},\"thumbnailUrl\":\"https:\/\/pocas.pt\/wp-content\/uploads\/2021\/03\/FdS-Acrobata-2019-JFFU049415.png\",\"datePublished\":\"2021-03-26T10:12:38+00:00\",\"dateModified\":\"2023-09-15T14:55:12+00:00\",\"breadcrumb\":{\"@id\":\"https:\/\/pocas.pt\/en\/product\/pocas-fora-da-serie-acrobata-2019\/#breadcrumb\"},\"inLanguage\":\"en-US\",\"potentialAction\":[{\"@type\":\"ReadAction\",\"target\":[\"https:\/\/pocas.pt\/en\/product\/pocas-fora-da-serie-acrobata-2019\/\"]}]},{\"@type\":\"ImageObject\",\"inLanguage\":\"en-US\",\"@id\":\"https:\/\/pocas.pt\/en\/product\/pocas-fora-da-serie-acrobata-2019\/#primaryimage\",\"url\":\"https:\/\/pocas.pt\/wp-content\/uploads\/2021\/03\/FdS-Acrobata-2019-JFFU049415.png\",\"contentUrl\":\"https:\/\/pocas.pt\/wp-content\/uploads\/2021\/03\/FdS-Acrobata-2019-JFFU049415.png\",\"width\":1200,\"height\":1200},{\"@type\":\"BreadcrumbList\",\"@id\":\"https:\/\/pocas.pt\/en\/product\/pocas-fora-da-serie-acrobata-2019\/#breadcrumb\",\"itemListElement\":[{\"@type\":\"ListItem\",\"position\":1,\"name\":\"In\u00edcio\",\"item\":\"https:\/\/pocas.pt\/en\/\"},{\"@type\":\"ListItem\",\"position\":2,\"name\":\"Po\u00e7as Fora da S\u00e9rie Acrobata 2019\"}]},{\"@type\":\"WebSite\",\"@id\":\"https:\/\/pocas.pt\/#website\",\"url\":\"https:\/\/pocas.pt\/\",\"name\":\"Po\u00e7as - Produtor Independente de Vinhos DOC Douro e do Porto\",\"description\":\"\",\"publisher\":{\"@id\":\"https:\/\/pocas.pt\/#organization\"},\"potentialAction\":[{\"@type\":\"SearchAction\",\"target\":{\"@type\":\"EntryPoint\",\"urlTemplate\":\"https:\/\/pocas.pt\/?s={search_term_string}\"},\"query-input\":{\"@type\":\"PropertyValueSpecification\",\"valueRequired\":true,\"valueName\":\"search_term_string\"}}],\"inLanguage\":\"en-US\"},{\"@type\":\"Organization\",\"@id\":\"https:\/\/pocas.pt\/#organization\",\"name\":\"Po\u00e7as J\u00fanior\",\"url\":\"https:\/\/pocas.pt\/\",\"logo\":{\"@type\":\"ImageObject\",\"inLanguage\":\"en-US\",\"@id\":\"https:\/\/pocas.pt\/#\/schema\/logo\/image\/\",\"url\":\"https:\/\/pocas.pt\/wp-content\/uploads\/2021\/03\/logotipo-pocas-black.svg\",\"contentUrl\":\"https:\/\/pocas.pt\/wp-content\/uploads\/2021\/03\/logotipo-pocas-black.svg\",\"width\":612,\"height\":261,\"caption\":\"Po\u00e7as J\u00fanior\"},\"image\":{\"@id\":\"https:\/\/pocas.pt\/#\/schema\/logo\/image\/\"},\"sameAs\":[\"https:\/\/www.facebook.com\/Pocas.Wines\",\"https:\/\/x.com\/pocaswines\",\"https:\/\/www.instagram.com\/pocaswines\/\"]}]}<\/script>\r\n<!-- \/ Yoast SEO plugin. -->","yoast_head_json":{"title":"Po\u00e7as Fora da S\u00e9rie Acrobata 2019 - Po\u00e7as - Produtor Independente de Vinhos DOC Douro e do Porto","robots":{"index":"index","follow":"follow","max-snippet":"max-snippet:-1","max-image-preview":"max-image-preview:large","max-video-preview":"max-video-preview:-1"},"canonical":"https:\/\/pocas.pt\/en\/product\/pocas-fora-da-serie-acrobata-2019\/","og_locale":"en_US","og_type":"article","og_title":"Po\u00e7as Fora da S\u00e9rie Acrobata 2019 - Po\u00e7as - Produtor Independente de Vinhos DOC Douro e do Porto","og_description":"A white wine produced from the Portuguese grape varieties C\u00f3dega, Arinto and Rabigato. Long aged in old barrel under a thin \u201cflor\u201d layer, showing the perfect balance between the oxidative profile that results from the prolonged aging and the freshness from high-altitude vineyards","og_url":"https:\/\/pocas.pt\/en\/product\/pocas-fora-da-serie-acrobata-2019\/","og_site_name":"Po\u00e7as - Produtor Independente de Vinhos DOC Douro e do Porto","article_publisher":"https:\/\/www.facebook.com\/Pocas.Wines","article_modified_time":"2023-09-15T14:55:12+00:00","og_image":[{"width":1200,"height":1200,"url":"https:\/\/pocas.pt\/wp-content\/uploads\/2021\/03\/FdS-Acrobata-2019-JFFU049415.png","type":"image\/png"}],"twitter_card":"summary_large_image","twitter_site":"@pocaswines","twitter_misc":{"Est. reading time":"1 minute"},"schema":{"@context":"https:\/\/schema.org","@graph":[{"@type":"WebPage","@id":"https:\/\/pocas.pt\/en\/product\/pocas-fora-da-serie-acrobata-2019\/","url":"https:\/\/pocas.pt\/en\/product\/pocas-fora-da-serie-acrobata-2019\/","name":"Po\u00e7as Fora da S\u00e9rie Acrobata 2019 - Po\u00e7as - Produtor Independente de Vinhos DOC Douro e do Porto","isPartOf":{"@id":"https:\/\/pocas.pt\/#website"},"primaryImageOfPage":{"@id":"https:\/\/pocas.pt\/en\/product\/pocas-fora-da-serie-acrobata-2019\/#primaryimage"},"image":{"@id":"https:\/\/pocas.pt\/en\/product\/pocas-fora-da-serie-acrobata-2019\/#primaryimage"},"thumbnailUrl":"https:\/\/pocas.pt\/wp-content\/uploads\/2021\/03\/FdS-Acrobata-2019-JFFU049415.png","datePublished":"2021-03-26T10:12:38+00:00","dateModified":"2023-09-15T14:55:12+00:00","breadcrumb":{"@id":"https:\/\/pocas.pt\/en\/product\/pocas-fora-da-serie-acrobata-2019\/#breadcrumb"},"inLanguage":"en-US","potentialAction":[{"@type":"ReadAction","target":["https:\/\/pocas.pt\/en\/product\/pocas-fora-da-serie-acrobata-2019\/"]}]},{"@type":"ImageObject","inLanguage":"en-US","@id":"https:\/\/pocas.pt\/en\/product\/pocas-fora-da-serie-acrobata-2019\/#primaryimage","url":"https:\/\/pocas.pt\/wp-content\/uploads\/2021\/03\/FdS-Acrobata-2019-JFFU049415.png","contentUrl":"https:\/\/pocas.pt\/wp-content\/uploads\/2021\/03\/FdS-Acrobata-2019-JFFU049415.png","width":1200,"height":1200},{"@type":"BreadcrumbList","@id":"https:\/\/pocas.pt\/en\/product\/pocas-fora-da-serie-acrobata-2019\/#breadcrumb","itemListElement":[{"@type":"ListItem","position":1,"name":"In\u00edcio","item":"https:\/\/pocas.pt\/en\/"},{"@type":"ListItem","position":2,"name":"Po\u00e7as Fora da S\u00e9rie Acrobata 2019"}]},{"@type":"WebSite","@id":"https:\/\/pocas.pt\/#website","url":"https:\/\/pocas.pt\/","name":"Po\u00e7as - Produtor Independente de Vinhos DOC Douro e do Porto","description":"","publisher":{"@id":"https:\/\/pocas.pt\/#organization"},"potentialAction":[{"@type":"SearchAction","target":{"@type":"EntryPoint","urlTemplate":"https:\/\/pocas.pt\/?s={search_term_string}"},"query-input":{"@type":"PropertyValueSpecification","valueRequired":true,"valueName":"search_term_string"}}],"inLanguage":"en-US"},{"@type":"Organization","@id":"https:\/\/pocas.pt\/#organization","name":"Po\u00e7as J\u00fanior","url":"https:\/\/pocas.pt\/","logo":{"@type":"ImageObject","inLanguage":"en-US","@id":"https:\/\/pocas.pt\/#\/schema\/logo\/image\/","url":"https:\/\/pocas.pt\/wp-content\/uploads\/2021\/03\/logotipo-pocas-black.svg","contentUrl":"https:\/\/pocas.pt\/wp-content\/uploads\/2021\/03\/logotipo-pocas-black.svg","width":612,"height":261,"caption":"Po\u00e7as J\u00fanior"},"image":{"@id":"https:\/\/pocas.pt\/#\/schema\/logo\/image\/"},"sameAs":["https:\/\/www.facebook.com\/Pocas.Wines","https:\/\/x.com\/pocaswines","https:\/\/www.instagram.com\/pocaswines\/"]}]}},"_links":{"self":[{"href":"https:\/\/pocas.pt\/en\/wp-json\/wp\/v2\/product\/3207","targetHints":{"allow":["GET"]}}],"collection":[{"href":"https:\/\/pocas.pt\/en\/wp-json\/wp\/v2\/product"}],"about":[{"href":"https:\/\/pocas.pt\/en\/wp-json\/wp\/v2\/types\/product"}],"wp:featuredmedia":[{"embeddable":true,"href":"https:\/\/pocas.pt\/en\/wp-json\/wp\/v2\/media\/3204"}],"wp:attachment":[{"href":"https:\/\/pocas.pt\/en\/wp-json\/wp\/v2\/media?parent=3207"}],"wp:term":[{"taxonomy":"product_cat","embeddable":true,"href":"https:\/\/pocas.pt\/en\/wp-json\/wp\/v2\/product_cat?post=3207"},{"taxonomy":"product_tag","embeddable":true,"href":"https:\/\/pocas.pt\/en\/wp-json\/wp\/v2\/product_tag?post=3207"}],"curies":[{"name":"wp","href":"https:\/\/api.w.org\/{rel}","templated":true}]}}