{"id":4557,"date":"2021-09-28T09:54:12","date_gmt":"2021-09-28T09:54:12","guid":{"rendered":"https:\/\/pocas.pt\/product\/premium-pack-pocas\/"},"modified":"2024-10-03T12:24:55","modified_gmt":"2024-10-03T11:24:55","slug":"premium-pack-pocas","status":"publish","type":"product","link":"https:\/\/pocas.pt\/en\/product\/premium-pack-pocas\/","title":{"rendered":"Premium Pack Po\u00e7as Special Reserve Ruby, LBV 2015 and Colheita 2010"},"content":{"rendered":"<p><span class=\"a-list-item\">This original Po\u00e7as Special Reserve Ruby, LBV 2015 &amp; Colheita 2010 Gift Set\u00a0(3 x 20c)\u00a0<\/span><span class=\"a-list-item\">was launched in 2020 in a way to celebrate Port Wine and its very different special categories.\u00a0<\/span><span class=\"a-list-item\">A wonderful gift for any Port lover that wants to take a brief dip in the Port Wine world.<\/span><\/p>\n","protected":false},"excerpt":{"rendered":"<p><span class=\"a-list-item\">This original Po\u00e7as Special Reserve Ruby, LBV 2015 &amp; Colheita 2010 Gift Set\u00a0(3 x 20c)\u00a0<\/span><span class=\"a-list-item\">was launched in 2020 in a way to celebrate Port Wine and its very different special categories.\u00a0<\/span><span class=\"a-list-item\">A wonderful gift for any Port lover that wants to take a brief dip in the Port Wine world<\/span><\/p>\n","protected":false},"featured_media":4639,"template":"","meta":{"_acf_changed":false,"inline_featured_image":false,"_monsterinsights_skip_tracking":false,"_monsterinsights_sitenote_active":false,"_monsterinsights_sitenote_note":"","_monsterinsights_sitenote_category":0},"product_cat":[149],"product_tag":[279,280],"class_list":{"0":"post-4557","1":"product","2":"type-product","3":"status-publish","4":"has-post-thumbnail","6":"product_cat-special-editions","7":"product_tag-news-en","8":"product_tag-port-wine-en","9":"entry","11":"first","12":"instock","13":"shipping-taxable","14":"product-type-simple"},"acf":[],"yoast_head":"<!-- This site is optimized with the Yoast SEO plugin v24.0 - https:\/\/yoast.com\/wordpress\/plugins\/seo\/ -->\r\n<title>Premium Pack Po\u00e7as Special Reserve Ruby, LBV 2015 and Colheita 2010 - Po\u00e7as - Produtor Independente de Vinhos DOC Douro e do Porto<\/title>\r\n<meta name=\"robots\" content=\"index, follow, max-snippet:-1, max-image-preview:large, max-video-preview:-1\" \/>\r\n<link rel=\"canonical\" href=\"https:\/\/pocas.pt\/en\/product\/premium-pack-pocas\/\" \/>\r\n<meta property=\"og:locale\" content=\"en_US\" \/>\r\n<meta property=\"og:type\" content=\"article\" \/>\r\n<meta property=\"og:title\" content=\"Premium Pack Po\u00e7as Special Reserve Ruby, LBV 2015 and Colheita 2010 - Po\u00e7as - Produtor Independente de Vinhos DOC Douro e do Porto\" \/>\r\n<meta property=\"og:description\" content=\"This original Po\u00e7as Special Reserve Ruby, LBV 2015 &amp; Colheita 2010 Gift Set\u00a0(3 x 20c)\u00a0was launched in 2020 in a way to celebrate Port Wine and its very different special categories.\u00a0A wonderful gift for any Port lover that wants to take a brief dip in the Port Wine world\" \/>\r\n<meta property=\"og:url\" content=\"https:\/\/pocas.pt\/en\/product\/premium-pack-pocas\/\" \/>\r\n<meta property=\"og:site_name\" content=\"Po\u00e7as - Produtor Independente de Vinhos DOC Douro e do Porto\" \/>\r\n<meta property=\"article:publisher\" content=\"https:\/\/www.facebook.com\/Pocas.Wines\" \/>\r\n<meta property=\"article:modified_time\" content=\"2024-10-03T11:24:55+00:00\" \/>\r\n<meta property=\"og:image\" content=\"https:\/\/pocas.pt\/wp-content\/uploads\/2021\/09\/Pocas-Pack-LBV-Colheita-Reserve-Ruby-JFFU011062.png\" \/>\r\n\t<meta property=\"og:image:width\" content=\"1200\" \/>\r\n\t<meta property=\"og:image:height\" content=\"1200\" \/>\r\n\t<meta property=\"og:image:type\" content=\"image\/png\" \/>\r\n<meta name=\"twitter:card\" content=\"summary_large_image\" \/>\r\n<meta name=\"twitter:site\" content=\"@pocaswines\" \/>\r\n<meta name=\"twitter:label1\" content=\"Est. reading time\" \/>\n\t<meta name=\"twitter:data1\" content=\"1 minute\" \/>\r\n<script type=\"application\/ld+json\" class=\"yoast-schema-graph\">{\"@context\":\"https:\/\/schema.org\",\"@graph\":[{\"@type\":\"WebPage\",\"@id\":\"https:\/\/pocas.pt\/en\/product\/premium-pack-pocas\/\",\"url\":\"https:\/\/pocas.pt\/en\/product\/premium-pack-pocas\/\",\"name\":\"Premium Pack Po\u00e7as Special Reserve Ruby, LBV 2015 and Colheita 2010 - Po\u00e7as - Produtor Independente de Vinhos DOC Douro e do Porto\",\"isPartOf\":{\"@id\":\"https:\/\/pocas.pt\/#website\"},\"primaryImageOfPage\":{\"@id\":\"https:\/\/pocas.pt\/en\/product\/premium-pack-pocas\/#primaryimage\"},\"image\":{\"@id\":\"https:\/\/pocas.pt\/en\/product\/premium-pack-pocas\/#primaryimage\"},\"thumbnailUrl\":\"https:\/\/pocas.pt\/wp-content\/uploads\/2021\/09\/Pocas-Pack-LBV-Colheita-Reserve-Ruby-JFFU011062.png\",\"datePublished\":\"2021-09-28T09:54:12+00:00\",\"dateModified\":\"2024-10-03T11:24:55+00:00\",\"breadcrumb\":{\"@id\":\"https:\/\/pocas.pt\/en\/product\/premium-pack-pocas\/#breadcrumb\"},\"inLanguage\":\"en-US\",\"potentialAction\":[{\"@type\":\"ReadAction\",\"target\":[\"https:\/\/pocas.pt\/en\/product\/premium-pack-pocas\/\"]}]},{\"@type\":\"ImageObject\",\"inLanguage\":\"en-US\",\"@id\":\"https:\/\/pocas.pt\/en\/product\/premium-pack-pocas\/#primaryimage\",\"url\":\"https:\/\/pocas.pt\/wp-content\/uploads\/2021\/09\/Pocas-Pack-LBV-Colheita-Reserve-Ruby-JFFU011062.png\",\"contentUrl\":\"https:\/\/pocas.pt\/wp-content\/uploads\/2021\/09\/Pocas-Pack-LBV-Colheita-Reserve-Ruby-JFFU011062.png\",\"width\":1200,\"height\":1200},{\"@type\":\"BreadcrumbList\",\"@id\":\"https:\/\/pocas.pt\/en\/product\/premium-pack-pocas\/#breadcrumb\",\"itemListElement\":[{\"@type\":\"ListItem\",\"position\":1,\"name\":\"In\u00edcio\",\"item\":\"https:\/\/pocas.pt\/en\/\"},{\"@type\":\"ListItem\",\"position\":2,\"name\":\"Premium Pack Po\u00e7as Special Reserve Ruby, LBV 2015 and Colheita 2010\"}]},{\"@type\":\"WebSite\",\"@id\":\"https:\/\/pocas.pt\/#website\",\"url\":\"https:\/\/pocas.pt\/\",\"name\":\"Po\u00e7as - Produtor Independente de Vinhos DOC Douro e do Porto\",\"description\":\"\",\"publisher\":{\"@id\":\"https:\/\/pocas.pt\/#organization\"},\"potentialAction\":[{\"@type\":\"SearchAction\",\"target\":{\"@type\":\"EntryPoint\",\"urlTemplate\":\"https:\/\/pocas.pt\/?s={search_term_string}\"},\"query-input\":{\"@type\":\"PropertyValueSpecification\",\"valueRequired\":true,\"valueName\":\"search_term_string\"}}],\"inLanguage\":\"en-US\"},{\"@type\":\"Organization\",\"@id\":\"https:\/\/pocas.pt\/#organization\",\"name\":\"Po\u00e7as J\u00fanior\",\"url\":\"https:\/\/pocas.pt\/\",\"logo\":{\"@type\":\"ImageObject\",\"inLanguage\":\"en-US\",\"@id\":\"https:\/\/pocas.pt\/#\/schema\/logo\/image\/\",\"url\":\"https:\/\/pocas.pt\/wp-content\/uploads\/2021\/03\/logotipo-pocas-black.svg\",\"contentUrl\":\"https:\/\/pocas.pt\/wp-content\/uploads\/2021\/03\/logotipo-pocas-black.svg\",\"width\":612,\"height\":261,\"caption\":\"Po\u00e7as J\u00fanior\"},\"image\":{\"@id\":\"https:\/\/pocas.pt\/#\/schema\/logo\/image\/\"},\"sameAs\":[\"https:\/\/www.facebook.com\/Pocas.Wines\",\"https:\/\/x.com\/pocaswines\",\"https:\/\/www.instagram.com\/pocaswines\/\"]}]}<\/script>\r\n<!-- \/ Yoast SEO plugin. -->","yoast_head_json":{"title":"Premium Pack Po\u00e7as Special Reserve Ruby, LBV 2015 and Colheita 2010 - Po\u00e7as - Produtor Independente de Vinhos DOC Douro e do Porto","robots":{"index":"index","follow":"follow","max-snippet":"max-snippet:-1","max-image-preview":"max-image-preview:large","max-video-preview":"max-video-preview:-1"},"canonical":"https:\/\/pocas.pt\/en\/product\/premium-pack-pocas\/","og_locale":"en_US","og_type":"article","og_title":"Premium Pack Po\u00e7as Special Reserve Ruby, LBV 2015 and Colheita 2010 - Po\u00e7as - Produtor Independente de Vinhos DOC Douro e do Porto","og_description":"This original Po\u00e7as Special Reserve Ruby, LBV 2015 &amp; Colheita 2010 Gift Set\u00a0(3 x 20c)\u00a0was launched in 2020 in a way to celebrate Port Wine and its very different special categories.\u00a0A wonderful gift for any Port lover that wants to take a brief dip in the Port Wine world","og_url":"https:\/\/pocas.pt\/en\/product\/premium-pack-pocas\/","og_site_name":"Po\u00e7as - Produtor Independente de Vinhos DOC Douro e do Porto","article_publisher":"https:\/\/www.facebook.com\/Pocas.Wines","article_modified_time":"2024-10-03T11:24:55+00:00","og_image":[{"width":1200,"height":1200,"url":"https:\/\/pocas.pt\/wp-content\/uploads\/2021\/09\/Pocas-Pack-LBV-Colheita-Reserve-Ruby-JFFU011062.png","type":"image\/png"}],"twitter_card":"summary_large_image","twitter_site":"@pocaswines","twitter_misc":{"Est. reading time":"1 minute"},"schema":{"@context":"https:\/\/schema.org","@graph":[{"@type":"WebPage","@id":"https:\/\/pocas.pt\/en\/product\/premium-pack-pocas\/","url":"https:\/\/pocas.pt\/en\/product\/premium-pack-pocas\/","name":"Premium Pack Po\u00e7as Special Reserve Ruby, LBV 2015 and Colheita 2010 - Po\u00e7as - Produtor Independente de Vinhos DOC Douro e do Porto","isPartOf":{"@id":"https:\/\/pocas.pt\/#website"},"primaryImageOfPage":{"@id":"https:\/\/pocas.pt\/en\/product\/premium-pack-pocas\/#primaryimage"},"image":{"@id":"https:\/\/pocas.pt\/en\/product\/premium-pack-pocas\/#primaryimage"},"thumbnailUrl":"https:\/\/pocas.pt\/wp-content\/uploads\/2021\/09\/Pocas-Pack-LBV-Colheita-Reserve-Ruby-JFFU011062.png","datePublished":"2021-09-28T09:54:12+00:00","dateModified":"2024-10-03T11:24:55+00:00","breadcrumb":{"@id":"https:\/\/pocas.pt\/en\/product\/premium-pack-pocas\/#breadcrumb"},"inLanguage":"en-US","potentialAction":[{"@type":"ReadAction","target":["https:\/\/pocas.pt\/en\/product\/premium-pack-pocas\/"]}]},{"@type":"ImageObject","inLanguage":"en-US","@id":"https:\/\/pocas.pt\/en\/product\/premium-pack-pocas\/#primaryimage","url":"https:\/\/pocas.pt\/wp-content\/uploads\/2021\/09\/Pocas-Pack-LBV-Colheita-Reserve-Ruby-JFFU011062.png","contentUrl":"https:\/\/pocas.pt\/wp-content\/uploads\/2021\/09\/Pocas-Pack-LBV-Colheita-Reserve-Ruby-JFFU011062.png","width":1200,"height":1200},{"@type":"BreadcrumbList","@id":"https:\/\/pocas.pt\/en\/product\/premium-pack-pocas\/#breadcrumb","itemListElement":[{"@type":"ListItem","position":1,"name":"In\u00edcio","item":"https:\/\/pocas.pt\/en\/"},{"@type":"ListItem","position":2,"name":"Premium Pack Po\u00e7as Special Reserve Ruby, LBV 2015 and Colheita 2010"}]},{"@type":"WebSite","@id":"https:\/\/pocas.pt\/#website","url":"https:\/\/pocas.pt\/","name":"Po\u00e7as - Produtor Independente de Vinhos DOC Douro e do Porto","description":"","publisher":{"@id":"https:\/\/pocas.pt\/#organization"},"potentialAction":[{"@type":"SearchAction","target":{"@type":"EntryPoint","urlTemplate":"https:\/\/pocas.pt\/?s={search_term_string}"},"query-input":{"@type":"PropertyValueSpecification","valueRequired":true,"valueName":"search_term_string"}}],"inLanguage":"en-US"},{"@type":"Organization","@id":"https:\/\/pocas.pt\/#organization","name":"Po\u00e7as J\u00fanior","url":"https:\/\/pocas.pt\/","logo":{"@type":"ImageObject","inLanguage":"en-US","@id":"https:\/\/pocas.pt\/#\/schema\/logo\/image\/","url":"https:\/\/pocas.pt\/wp-content\/uploads\/2021\/03\/logotipo-pocas-black.svg","contentUrl":"https:\/\/pocas.pt\/wp-content\/uploads\/2021\/03\/logotipo-pocas-black.svg","width":612,"height":261,"caption":"Po\u00e7as J\u00fanior"},"image":{"@id":"https:\/\/pocas.pt\/#\/schema\/logo\/image\/"},"sameAs":["https:\/\/www.facebook.com\/Pocas.Wines","https:\/\/x.com\/pocaswines","https:\/\/www.instagram.com\/pocaswines\/"]}]}},"_links":{"self":[{"href":"https:\/\/pocas.pt\/en\/wp-json\/wp\/v2\/product\/4557","targetHints":{"allow":["GET"]}}],"collection":[{"href":"https:\/\/pocas.pt\/en\/wp-json\/wp\/v2\/product"}],"about":[{"href":"https:\/\/pocas.pt\/en\/wp-json\/wp\/v2\/types\/product"}],"wp:featuredmedia":[{"embeddable":true,"href":"https:\/\/pocas.pt\/en\/wp-json\/wp\/v2\/media\/4639"}],"wp:attachment":[{"href":"https:\/\/pocas.pt\/en\/wp-json\/wp\/v2\/media?parent=4557"}],"wp:term":[{"taxonomy":"product_cat","embeddable":true,"href":"https:\/\/pocas.pt\/en\/wp-json\/wp\/v2\/product_cat?post=4557"},{"taxonomy":"product_tag","embeddable":true,"href":"https:\/\/pocas.pt\/en\/wp-json\/wp\/v2\/product_tag?post=4557"}],"curies":[{"name":"wp","href":"https:\/\/api.w.org\/{rel}","templated":true}]}}